{"id":3114,"date":"2009-01-06T19:07:08","date_gmt":"2009-01-06T19:07:08","guid":{"rendered":"http:\/\/nasdat.com\/?p=3114"},"modified":"2020-08-10T16:31:09","modified_gmt":"2020-08-10T21:31:09","slug":"presentacion-y-formas-de-uso","status":"publish","type":"page","link":"https:\/\/nasdat.com\/?page_id=3114","title":{"rendered":"Presentaci\u00f3n y formas de uso"},"content":{"rendered":"<h2><strong>Presentaci\u00f3n y formas de uso 6 &#8211; Ene -2009<br \/>\n<\/strong><\/h2>\n<p>Nasdat.com \u00a0es un sistema de foros dirigido \u00a0a ofrecer distintas visiones de la espiritualidad humana. De ah\u00ed \u00a0que varios foros para simplificarlos son solo de lectura y que solo \u00a0los foros que se encuentran en la parte superior de nasdat.com son de participaci\u00f3n. Nasdat \u00a0contiene textos de diferentes calidades, a veces y no niego, muy superficiales. Textos b\u00e1sicos \u00a0o elementales para aquellos que est\u00e1n teniendo un contacto \u00a0con lo espiritual y que los textos especializados pueden ser terriblemente \u00e1ridos, y que sin embargo son personas que desean encontrar algo con \u00a0el \u00a0que alimenten \u00a0su propio ser y alma. Tambi\u00e9n hay \u00a0textos de distintos caminos y vertientes espirituales que van del b\u00e1sico \u00a0a lo complejo \u00a0y que espero \u00a0puedan servir de gu\u00eda para quienes ya tienen considerado \u00a0su \u00a0camino. Con algunos textos tal ve no \u00a0estar\u00e9 de acuerdo. Pero \u00a0son distintas visiones que posibilitan que los distintos radios de aquella rueda que lleva al Creador vayan tal \u00a0 vez confluyendo \u00a0o comprendi\u00e9ndose entre si \u00a0pero \u00a0nunca se pretender\u00e1 mezclar. Lo anterior \u00a0implica que haya foros aparentemente contradictorios con otros, como podr\u00eda ser el \u00a0foro de misticismo cristiano con el \u00a0foro de autodefensa b\u00edblica. Son visiones distintas que posibilitan que al \u00a0conocerlas se complementen o \u00a0se fortalezca las creencias personales, lo que implica que el \u00a0considerar un \u00a0escrito \u00a0a nivel intimo queda en manos y en responsabilidad del lector. Sin embargo \u00a0es obvio \u00a0que no permitir\u00e9 como \u00a0moderador debates insustanciales y perjudiciales, as\u00ed \u00a0que aquello que sea claramente negativo queda fuera de los contenidos de este sitio, y eso \u00a0va por ejemplo \u00a0con el satanismo, el \u00a0\u0093vampirismo\u0094, \u00a0las ideolog\u00edas racistas, y autodestructivas entre otras.<\/p>\n<p>Tambi\u00e9n hay algunos foros especializados en \u00a0literatura, cuentos y relatos de distinta \u00edndole. Esto \u00a0en raz\u00f3n de la que literatura como parte del arte al ofrecer distintas formas de percibir y comprender al mundo amplia la conciencia del lector.<\/p>\n<p>Nasdat.com es tambi\u00e9n un sistema de foros en los cuales se ha respaldado foros o p\u00e1ginas desaparecidas cuyo contenido \u00a0era muy valioso como para perderse (tal es el caso \u00a0de los foros ya desaparecidos de indigenismo, budismo \u00a0o filosof\u00eda oriental de msn).<\/p>\n<p>Los foros de lectura est\u00e1n marcados despu\u00e9s de su \u00a0nombre con \u0096solo lectura-. Los participantes que deseen aportar \u00a0textos \u00a0a los foros de lectura pueden enviarlos al \u00a0panel de offtopic. Una raz\u00f3n es que me ha sido algo \u00a0dif\u00edcil mantener el orden en un sistema de foros que hace que en el momento de escribir esta presentaci\u00f3n sean m\u00e1s de 130 y permitir a cualquiera (y eso puede incluir gente bienintencionada sin \u00a0la menor idea del tema) haga confuso un foro. Solo podr\u00e1n publicar \u00a0de forma directa \u00a0personas de confianza y otros moderadores escogidos entre los miembros del foro que comprendan que el \u00a0orden y el \u00a0mantener la calidad de textos facilitan bastante a otros la lectura.<\/p>\n<p>En \u00a0el caso \u00a0de las pr\u00e1cticas espirituales ind\u00edgenas se ha tratado \u00a0de ofrecer textos realistas de la vida espiritual \u00a0cotidiana de estos pueblos. El chamanismo \u00a0en realidad no \u00a0existe como tal \u00a0en las comunidades ind\u00edgenas americanas pues varias de las pr\u00e1cticas no \u00a0cumplen \u00a0con las caracter\u00edsticas que hacen referencia los antrop\u00f3logos e investigadores profesionales o que no son consideradas como practicas \u0093chamanicas\u0094 por los ind\u00edgenas cuando \u00a0parad\u00f3jicamente si \u00a0lo son por los investigadores.<\/p>\n<p>Esto \u00a0es, son un modo de vida tradicional, aut\u00f3ctono y colectivo y no \u00a0una lista de precios de parte de \u00a0individuos o grupos de \u0093mexicanidad\u0094 o \u0093toltequidad\u0094. Es una forma en la cual un pueblo \u00a0sostiene sus tradiciones y su \u00a0espiritualidad y por ende su \u00a0alma colectiva y sus valores. En ese sentido, chamanismo.org \u00a0no \u00a0se hablara de pr\u00e1cticas fantasiosas \u00a0e inexistentes en la realidad de los practicantes ind\u00edgenas. Se hablara de lo \u00a0piensan \u00a0y viven los ind\u00edgenas, y los mal \u00a0llamados \u0093chamanes\u0094 reales, en lo que creen y en \u00a0lo que sue\u00f1an. De ah\u00ed mismo que haya foros como pueblos de origen que son \u00a0las comunidades ind\u00edgenas que todav\u00eda sobreviven y que mantienen su \u00a0tradici\u00f3n original aun con las \u00a0condiciones precarias en las que pueden vivir estas poblaciones. Las comunidades mayas, otopames, mazahuas entre otros son \u00a0pueblos de origen de M\u00e9xico; en otros casos los aymaras, indios kogis son un ejemplo \u00a0de Sudam\u00e9rica; los ogaglas, dakotas, siux, pies negros son casos \u00a0de naciones pueblo del \u00a0norte de Am\u00e9rica. Se les dio el \u00a0nombre de pueblos de origen porque son la fuente de la espiritualidad americana. Y algo poco \u00a0considerado \u00a0en los foros de \u0093chamanismo\u0094 no \u00a0es solo \u00a0el hecho que las tradiciones ind\u00edgenas van siempre detr\u00e1s de una comunidad ind\u00edgena, sino \u00a0 tambi\u00e9n el hecho de que esas mismas pr\u00e1cticas son acciones de rebeld\u00eda o \u00a0de sobrevivencia ante las injusticias y las dificultades en las que viven. De ah\u00ed que tambi\u00e9n se incluya un \u00a0foro al \u00a0respecto.<\/p>\n<p>Nasdat.com \u00a0todav\u00eda no tiene la forma que creo conveniente en su \u00a0totalidad. Esta en permanente cambio \u00a0a\u00f1adiendo textos y foros (con algo \u00a0de tardanza de actualizar no lo niego) tratando \u00a0de de mostrar \u00a0distintas visiones de los mundos que hay \u00a0dentro de este mundo. Nasdat.com esta a un 10% de lo que creo \u00a0puede ser en la fecha en la que escribo esto. Pero para ello \u00a0no \u00a0es posible \u00a0lograrlo con un trabajo individual sino colectivo. Para cuando termine lo \u0093b\u00e1sico\u0094 que pretendo como moderador contenga Nasdat.com es posible que haya para entonces cerca de 200 foros y subforos especializados y cerca de 8 mil textos que por el momento \u00a0tengo \u00a0en el computador solamente.<\/p>\n<p>As\u00ed \u00a0que bienvenidos a continuar lo que se inicio \u00a0en msn en nasdat.com<\/p>\n","protected":false},"excerpt":{"rendered":"<p>Presentaci\u00f3n y formas de uso 6 &#8211; Ene -2009 Nasdat.com \u00a0es un sistema de foros dirigido \u00a0a ofrecer distintas visiones de la espiritualidad humana. De ah\u00ed \u00a0que varios foros para simplificarlos son solo de lectura y que solo \u00a0los foros que se encuentran en la parte superior de nasdat.com son de participaci\u00f3n. Nasdat \u00a0contiene textos de diferentes calidades, a veces<\/p>\n","protected":false},"author":4,"featured_media":0,"parent":0,"menu_order":0,"comment_status":"closed","ping_status":"open","template":"","meta":{"footnotes":""},"class_list":["post-3114","page","type-page","status-publish","hentry"],"_links":{"self":[{"href":"https:\/\/nasdat.com\/index.php?rest_route=\/wp\/v2\/pages\/3114","targetHints":{"allow":["GET"]}}],"collection":[{"href":"https:\/\/nasdat.com\/index.php?rest_route=\/wp\/v2\/pages"}],"about":[{"href":"https:\/\/nasdat.com\/index.php?rest_route=\/wp\/v2\/types\/page"}],"author":[{"embeddable":true,"href":"https:\/\/nasdat.com\/index.php?rest_route=\/wp\/v2\/users\/4"}],"replies":[{"embeddable":true,"href":"https:\/\/nasdat.com\/index.php?rest_route=%2Fwp%2Fv2%2Fcomments&post=3114"}],"version-history":[{"count":0,"href":"https:\/\/nasdat.com\/index.php?rest_route=\/wp\/v2\/pages\/3114\/revisions"}],"wp:attachment":[{"href":"https:\/\/nasdat.com\/index.php?rest_route=%2Fwp%2Fv2%2Fmedia&parent=3114"}],"curies":[{"name":"wp","href":"https:\/\/api.w.org\/{rel}","templated":true}]}}